{"id":103,"date":"2020-03-02T00:00:50","date_gmt":"2020-03-01T23:00:50","guid":{"rendered":"http:\/\/aspidites-melanocephalus.com\/?page_id=103"},"modified":"2020-03-02T00:38:32","modified_gmt":"2020-03-01T23:38:32","slug":"disponibles-a-la-vente","status":"publish","type":"page","link":"https:\/\/aspidites-melanocephalus.com\/index.php\/accueil\/disponibles-a-la-vente\/","title":{"rendered":"Disponibles \u00e0 la vente"},"content":{"rendered":"<div   data-size='featured'  data-lightbox_size='large'  data-animation='slide'  data-conditional_play=''  data-ids='107'  data-video_counter='0'  data-autoplay='false'  data-bg_slider='false'  data-slide_height=''  data-handle='av_slideshow'  data-interval='5'  data-class=' avia-builder-el-0  el_before_av_one_full  avia-builder-el-first  '  data-el_id=''  data-css_id=''  data-scroll_down=''  data-control_layout='av-control-default'  data-custom_markup=''  data-perma_caption=''  data-autoplay_stopper=''  data-image_attachment=''  data-min_height='0px'  data-default-height='28.666666666667'  class='avia-slideshow avia-slideshow-1  av-control-default av-default-height-applied avia-slideshow-featured av_slideshow  avia-builder-el-0  el_before_av_one_full  avia-builder-el-first   avia-slide-slider '  itemprop=\"image\" itemscope=\"itemscope\" itemtype=\"https:\/\/schema.org\/ImageObject\" ><ul class='avia-slideshow-inner ' style='padding-bottom: 28.666666666667%;' ><li  class=' av-single-slide slide-1 ' ><div data-rel='slideshow-1' class='avia-slide-wrap '   ><img src='https:\/\/aspidites-melanocephalus.com\/wp-content\/uploads\/2020\/03\/Aspidites-melanocephalus-bhp-python-\u00e0-t\u00eate-noire-black-headed-reptile-queensland-qld-3-1500x430.jpg' width='1500' height='430' title='Aspidites-melanocephalus-bhp-python-\u00e0-t\u00eate-noire-black-headed-reptile-queensland-qld-3' alt='Aspidites-melanocephalus-bhp-python-\u00e0-t\u00eate-noire-black-headed-reptile-queensland-qld-3'  itemprop=\"thumbnailUrl\"   \/><\/div><\/li><\/ul><\/div>\n<div class=\"flex_column av_one_full  flex_column_div av-zero-column-padding first  avia-builder-el-1  el_after_av_slideshow  avia-builder-el-last  \" style='border-radius:0px; '><section class=\"av_textblock_section \"  itemscope=\"itemscope\" itemtype=\"https:\/\/schema.org\/CreativeWork\" ><div class='avia_textblock  '   itemprop=\"text\" ><p>Mise \u00e0 jour \u00e0 venir<\/p>\n<\/div><\/section><\/div>\n","protected":false},"excerpt":{"rendered":"","protected":false},"author":1,"featured_media":0,"parent":32,"menu_order":2,"comment_status":"closed","ping_status":"closed","template":"","meta":[],"_links":{"self":[{"href":"https:\/\/aspidites-melanocephalus.com\/index.php\/wp-json\/wp\/v2\/pages\/103"}],"collection":[{"href":"https:\/\/aspidites-melanocephalus.com\/index.php\/wp-json\/wp\/v2\/pages"}],"about":[{"href":"https:\/\/aspidites-melanocephalus.com\/index.php\/wp-json\/wp\/v2\/types\/page"}],"author":[{"embeddable":true,"href":"https:\/\/aspidites-melanocephalus.com\/index.php\/wp-json\/wp\/v2\/users\/1"}],"replies":[{"embeddable":true,"href":"https:\/\/aspidites-melanocephalus.com\/index.php\/wp-json\/wp\/v2\/comments?post=103"}],"version-history":[{"count":3,"href":"https:\/\/aspidites-melanocephalus.com\/index.php\/wp-json\/wp\/v2\/pages\/103\/revisions"}],"predecessor-version":[{"id":118,"href":"https:\/\/aspidites-melanocephalus.com\/index.php\/wp-json\/wp\/v2\/pages\/103\/revisions\/118"}],"up":[{"embeddable":true,"href":"https:\/\/aspidites-melanocephalus.com\/index.php\/wp-json\/wp\/v2\/pages\/32"}],"wp:attachment":[{"href":"https:\/\/aspidites-melanocephalus.com\/index.php\/wp-json\/wp\/v2\/media?parent=103"}],"curies":[{"name":"wp","href":"https:\/\/api.w.org\/{rel}","templated":true}]}}