{"id":42,"date":"2020-03-01T15:48:23","date_gmt":"2020-03-01T14:48:23","guid":{"rendered":"http:\/\/aspidites-melanocephalus.com\/?page_id=42"},"modified":"2020-04-17T00:13:27","modified_gmt":"2020-04-16T22:13:27","slug":"a-propos","status":"publish","type":"page","link":"https:\/\/aspidites-melanocephalus.com\/index.php\/a-propos\/","title":{"rendered":"A propos"},"content":{"rendered":"<div   data-size='featured'  data-lightbox_size='large'  data-animation='slide'  data-conditional_play=''  data-ids='82'  data-video_counter='0'  data-autoplay='false'  data-bg_slider='false'  data-slide_height=''  data-handle='av_slideshow'  data-interval='5'  data-class=' avia-builder-el-0  el_before_av_heading  avia-builder-el-first  '  data-el_id=''  data-css_id=''  data-scroll_down=''  data-control_layout='av-control-default'  data-custom_markup=''  data-perma_caption=''  data-autoplay_stopper=''  data-image_attachment=''  data-min_height='0px'  data-default-height='28.666666666667'  class='avia-slideshow avia-slideshow-1  av-control-default av-default-height-applied avia-slideshow-featured av_slideshow  avia-builder-el-0  el_before_av_heading  avia-builder-el-first   avia-slide-slider '  itemprop=\"image\" itemscope=\"itemscope\" itemtype=\"https:\/\/schema.org\/ImageObject\" ><ul class='avia-slideshow-inner ' style='padding-bottom: 28.666666666667%;' ><li  class=' av-single-slide slide-1 ' ><div data-rel='slideshow-1' class='avia-slide-wrap '   ><img src='https:\/\/aspidites-melanocephalus.com\/wp-content\/uploads\/2020\/03\/Aspidites-melanocephalus-bhp-python-\u00e0-t\u00eate-noire-black-headed-reptile-queensland--1500x430.jpg' width='1500' height='430' title='Aspidites-melanocephalus-bhp-python-\u00e0-t\u00eate-noire-black-headed-reptile-queensland-' alt=''  itemprop=\"thumbnailUrl\"   \/><\/div><\/li><\/ul><\/div>\n<div  style='padding-bottom:10px; ' class='av-special-heading av-special-heading-h3  blockquote modern-quote modern-centered  avia-builder-el-1  el_after_av_slideshow  el_before_av_textblock  '><h3 class='av-special-heading-tag '  itemprop=\"headline\"  >BHP.Fr est un \u00e9tablissement d\u2019\u00e9levage sp\u00e9cialis\u00e9 chez Aspidites melanocephalus ou python \u00e0 t\u00eate noire<\/h3><div class='special-heading-border'><div class='special-heading-inner-border' ><\/div><\/div><\/div>\n<section class=\"av_textblock_section \"  itemscope=\"itemscope\" itemtype=\"https:\/\/schema.org\/CreativeWork\" ><div class='avia_textblock  av_inherit_color '   itemprop=\"text\" ><div id=\"u_fetchstream_21_5\" class=\"_5aj7 _3-8j\"><\/div>\n<p><img loading=\"lazy\" class=\"size-square wp-image-78 aligncenter\" src=\"http:\/\/aspidites-melanocephalus.com\/wp-content\/uploads\/2020\/03\/J\u00e9r\u00f4me-Tanneau-180x180.jpg\" alt=\"\" width=\"180\" height=\"180\" srcset=\"https:\/\/aspidites-melanocephalus.com\/wp-content\/uploads\/2020\/03\/J\u00e9r\u00f4me-Tanneau-180x180.jpg 180w, https:\/\/aspidites-melanocephalus.com\/wp-content\/uploads\/2020\/03\/J\u00e9r\u00f4me-Tanneau-300x300.jpg 300w, https:\/\/aspidites-melanocephalus.com\/wp-content\/uploads\/2020\/03\/J\u00e9r\u00f4me-Tanneau-80x80.jpg 80w, https:\/\/aspidites-melanocephalus.com\/wp-content\/uploads\/2020\/03\/J\u00e9r\u00f4me-Tanneau-36x36.jpg 36w, https:\/\/aspidites-melanocephalus.com\/wp-content\/uploads\/2020\/03\/J\u00e9r\u00f4me-Tanneau.jpg 360w\" sizes=\"(max-width: 180px) 100vw, 180px\" \/><\/p>\n<p style=\"text-align: center;\"><strong>Responsable et g\u00e9rant de l\u2019\u00e9tablissement: Mr TANNEAU J\u00e9r\u00f4me<\/strong><br \/>\nQualit\u00e9: Fondateur et chef d\u2019exploitation<br \/>\nN\u00b0 SIRET: 79049215100036<br \/>\nCertificat de capacit\u00e9 et AOE N\u00b063187<\/p>\n<div id=\"u_fetchstream_21_7\" class=\"_5aj7 _3-8j\">\n<div class=\"_4bl9\">\n<div class=\"_3-8w\">\n<section class=\"av_textblock_section\">\n<div class=\"avia_textblock \">\n<p>Fort de 15 ann\u00e9es d\u2019e<span class=\"text_exposed_show\">xp\u00e9rience dans l\u2019\u00e9levage, je suis heureux de vous pr\u00e9senter ici mon travail de s\u00e9lection. Tous ceux qui ont approch\u00e9 de pr\u00e8s ou de loin ce genre particuli\u00e8rement intelligent de python, comprendront l\u2019enthousiasme et l&rsquo;engouement que j&rsquo;ai en travaillant avec les <em>Aspidites<\/em>. Les \u00e9leveurs qui ont eu le plaisir de les c\u00f4toyer sont unanimes pour dire qu&rsquo;ils occupent une place remarquable dans leurs c\u0153urs.<br \/>\n<\/span><\/p>\n<p><span class=\"text_exposed_show\">Pour en savoir d&rsquo;avantage:<\/span><\/p>\n<div  class='avia-button-wrap avia-button-left  avia-builder-el-3  el_before_av_button  avia-builder-el-first ' ><a href='https:\/\/aspidites-melanocephalus.com\/index.php\/histoire-de-lelevage\/'  class='avia-button   0 avia-icon_select-yes-left-icon avia-color-theme-color avia-size-small avia-position-left '   ><span class='avia_button_icon avia_button_icon_left ' aria-hidden='true' data-av_icon='\ue81f' data-av_iconfont='entypo-fontello'><\/span><span class='avia_iconbox_title' >Click me<\/span><\/a><\/div>\n<p><span class=\"text_exposed_show\"><br \/>\n<\/span>Pour connaitre les disponibilit\u00e9s \u00e0 venir vous pouvez me solliciter et me faire vos demandes par \u00e9crit quand au choix de la lign\u00e9e, de la localit\u00e9 ou du sexe que vous envisagez d\u2019acqu\u00e9rir. L&rsquo;offre \u00e9tant tr\u00e8s limit\u00e9 par rapport \u00e0 la demande, je fonctionne sur le principe de liste d&rsquo;attente. Les jeunes sont tr\u00e8s souvent r\u00e9serv\u00e9s \u00e0 l&rsquo;avance et trouvent acqu\u00e9reurs promptement.<\/p>\n<p>Pour plus de d\u00e9tails:<\/p>\n<div  class='avia-button-wrap avia-button-left  avia-builder-el-4  el_after_av_button  el_before_av_button ' ><a href='https:\/\/aspidites-melanocephalus.com\/index.php\/conditions-de-vente\/'  class='avia-button   avia-icon_select-yes-left-icon avia-color-theme-color avia-size-small avia-position-left '   ><span class='avia_button_icon avia_button_icon_left ' aria-hidden='true' data-av_icon='\ue81f' data-av_iconfont='entypo-fontello'><\/span><span class='avia_iconbox_title' >Conditions de ventes<\/span><\/a><\/div><\/div>\n<\/section>\n<\/div>\n<\/div>\n<\/div>\n<div id=\"u_fetchstream_21_7\" class=\"_5aj7 _3-8j\">\n<div class=\"_4bl9\">\n<div class=\"_3-8w\">\n<div class=\"flex_column av_one_full flex_column_div first avia-builder-el-2 el_after_av_textblock el_before_av_hr column-top-margin\">\n<div class=\"avia-slideshow avia-slideshow-2 avia-slideshow-featured av_slideshow avia-builder-el-3 avia-builder-el-no-sibling avia-fade-slider\" data-size=\"featured\" data-lightbox_size=\"large\" data-animation=\"fade\" data-ids=\"75,79,78\" data-video_counter=\"0\" data-autoplay=\"true\" data-bg_slider=\"false\" data-slide_height=\"\" data-handle=\"av_slideshow\" data-interval=\"7\" data-class=\" avia-builder-el-3 avia-builder-el-no-sibling \" data-css_id=\"\" data-scroll_down=\"\" data-control_layout=\"\" data-custom_markup=\"\" data-perma_caption=\"\" data-autoplay_stopper=\"\" data-default-height=\"28.666666666667\">\n<p>Je reste \u00e0 votre disposition pour r\u00e9pondre \u00e0 vos questions.<\/p>\n<p>Au plaisir de vous lire,<br \/>\nTANNEAU J\u00e9r\u00f4me<\/p>\n<div  class='avia-button-wrap avia-button-center  avia-builder-el-5  el_after_av_button  el_before_av_button ' ><a href='https:\/\/aspidites-melanocephalus.com\/index.php\/contact\/'  class='avia-button   avia-icon_select-yes-left-icon avia-color-theme-color-subtle avia-size-medium avia-position-center '   ><span class='avia_button_icon avia_button_icon_left ' aria-hidden='true' data-av_icon='\ue854' data-av_iconfont='entypo-fontello'><\/span><span class='avia_iconbox_title' >Contact<\/span><\/a><\/div><\/div>\n<\/div>\n<section class=\"av_textblock_section\">\n<div class=\"avia_textblock \">\n<p style=\"text-align: center;\">Suivez nous aussi sur Facebook:<\/p>\n<\/div>\n<\/section>\n<\/div>\n<div class=\"_3-8w\">\n<section class=\"av_textblock_section\">\n<div class=\"avia_textblock \">\n<div  class='avia-button-wrap avia-button-center  avia-builder-el-6  el_after_av_button  avia-builder-el-last ' ><a href='https:\/\/www.facebook.com\/BHP.FR\/'  class='avia-button   avia-icon_select-yes-left-icon avia-color-blue avia-size-medium avia-position-center '   ><span class='avia_button_icon avia_button_icon_left ' aria-hidden='true' data-av_icon='\ue8f3' data-av_iconfont='entypo-fontello'><\/span><span class='avia_iconbox_title' >BHP.FR<\/span><\/a><\/div>\n<\/div>\n<\/section>\n<\/div>\n<\/div>\n<\/div>\n<\/div><\/section>\n","protected":false},"excerpt":{"rendered":"","protected":false},"author":1,"featured_media":0,"parent":0,"menu_order":0,"comment_status":"closed","ping_status":"closed","template":"","meta":[],"_links":{"self":[{"href":"https:\/\/aspidites-melanocephalus.com\/index.php\/wp-json\/wp\/v2\/pages\/42"}],"collection":[{"href":"https:\/\/aspidites-melanocephalus.com\/index.php\/wp-json\/wp\/v2\/pages"}],"about":[{"href":"https:\/\/aspidites-melanocephalus.com\/index.php\/wp-json\/wp\/v2\/types\/page"}],"author":[{"embeddable":true,"href":"https:\/\/aspidites-melanocephalus.com\/index.php\/wp-json\/wp\/v2\/users\/1"}],"replies":[{"embeddable":true,"href":"https:\/\/aspidites-melanocephalus.com\/index.php\/wp-json\/wp\/v2\/comments?post=42"}],"version-history":[{"count":21,"href":"https:\/\/aspidites-melanocephalus.com\/index.php\/wp-json\/wp\/v2\/pages\/42\/revisions"}],"predecessor-version":[{"id":211,"href":"https:\/\/aspidites-melanocephalus.com\/index.php\/wp-json\/wp\/v2\/pages\/42\/revisions\/211"}],"wp:attachment":[{"href":"https:\/\/aspidites-melanocephalus.com\/index.php\/wp-json\/wp\/v2\/media?parent=42"}],"curies":[{"name":"wp","href":"https:\/\/api.w.org\/{rel}","templated":true}]}}