{"id":87,"date":"2020-03-01T23:01:35","date_gmt":"2020-03-01T22:01:35","guid":{"rendered":"http:\/\/aspidites-melanocephalus.com\/?page_id=87"},"modified":"2021-02-03T22:50:39","modified_gmt":"2021-02-03T21:50:39","slug":"conditions-de-vente","status":"publish","type":"page","link":"https:\/\/aspidites-melanocephalus.com\/index.php\/conditions-de-vente\/","title":{"rendered":"Conditions de ventes"},"content":{"rendered":"<div   data-size='featured'  data-lightbox_size='large'  data-animation='slide'  data-conditional_play=''  data-ids='219'  data-video_counter='0'  data-autoplay='false'  data-bg_slider='false'  data-slide_height=''  data-handle='av_slideshow'  data-interval='5'  data-class=' avia-builder-el-0  el_before_av_one_full  avia-builder-el-first  '  data-el_id=''  data-css_id=''  data-scroll_down=''  data-control_layout='av-control-default'  data-custom_markup=''  data-perma_caption=''  data-autoplay_stopper=''  data-image_attachment=''  data-min_height='0px'  data-default-height='28.666666666667'  class='avia-slideshow avia-slideshow-1  av-control-default av-default-height-applied avia-slideshow-featured av_slideshow  avia-builder-el-0  el_before_av_one_full  avia-builder-el-first   avia-slide-slider '  itemprop=\"image\" itemscope=\"itemscope\" itemtype=\"https:\/\/schema.org\/ImageObject\" ><ul class='avia-slideshow-inner ' style='padding-bottom: 28.666666666667%;' ><li  class=' av-single-slide slide-1 ' ><div data-rel='slideshow-1' class='avia-slide-wrap '   ><img src='https:\/\/aspidites-melanocephalus.com\/wp-content\/uploads\/2020\/04\/Aspidites-melanocephalus-black-head-python-queensland-bhp-snake-e1587250207272-1500x430.png' width='1500' height='430' title='Aspidites-melanocephalus-black-head-python-queensland-bhp-snake' alt='Aspidites-melanocephalus-black-head-python-queensland-bhp-snake'  itemprop=\"thumbnailUrl\"   \/><\/div><\/li><\/ul><\/div>\n<div class=\"flex_column av_one_full  flex_column_div av-zero-column-padding first  avia-builder-el-1  el_after_av_slideshow  el_before_av_heading  \" style='border-radius:0px; '><section class=\"av_textblock_section \"  itemscope=\"itemscope\" itemtype=\"https:\/\/schema.org\/CreativeWork\" ><div class='avia_textblock  '   itemprop=\"text\" ><p style=\"text-align: center;\"><strong><em>Aspidites melanocephalus<\/em> est enregistr\u00e9 au CITES en annexe 2B, libre de d\u00e9tention quota de 10 adultes maximum sans certificat de capacit\u00e9<\/strong><\/p>\n<\/div><\/section><\/div>\n<div  style='padding-bottom:10px; ' class='av-special-heading av-special-heading-h3    avia-builder-el-3  el_after_av_one_full  el_before_av_one_full  '><h3 class='av-special-heading-tag '  itemprop=\"headline\"  >Vous souhaitez faire l\u2019acquisition d\u2018un python \u00e0 t\u00eate noire<\/h3><div class='special-heading-border'><div class='special-heading-inner-border' ><\/div><\/div><\/div>\n<div class=\"flex_column av_one_full  flex_column_div av-zero-column-padding first  avia-builder-el-4  el_after_av_heading  el_before_av_one_full  \" style='border-radius:0px; '><section class=\"av_textblock_section \"  itemscope=\"itemscope\" itemtype=\"https:\/\/schema.org\/CreativeWork\" ><div class='avia_textblock  '   itemprop=\"text\" ><p>Je fonctionne le plus souvent sur liste d&rsquo;attente, vous pouvez me joindre par \u00e9crit via le formulaire contact en bas de page, par mail ou t\u00e9l\u00e9phone: 06.69.37.92.79<br \/>\nJe prendrai vos coordonn\u00e9es et vous serez avertis des mises \u00e0 jour, des pontes et des petits avec photos. La saison des reproductions se d\u00e9roule l&rsquo;hiver, les pontes au printemps et les naissances autours du moi de juin.<\/p>\n<p>Si vous souhaitez bloquer un petit je demanderai un acompte non remboursable de 200 euros. Une facture d\u2019acompte vous sera remise au format PDF avec tous les d\u00e9tails n\u00e9cessaires. Des plans de paiements peuvent \u00eatre envisag\u00e9s au cas par cas.<\/p>\n<p>En moyenne entre la naissance et la cession en main propre des jeunes il se d\u00e9roule 5 mois, c&rsquo;est un processus incompressible. Les <em>Aspidites\u00a0<\/em>sont ophiophages dans leur milieu naturel, leur r\u00e9gime alimentaire n&rsquo;est pas constitu\u00e9 de mammif\u00e8res ce qui justifie un temps d&rsquo;adaptation en captivit\u00e9. Durant cette p\u00e9riode ils vont \u00eatre habitu\u00e9s \u00e0 se nourrir spontan\u00e9ment de rongeurs d\u00e9congel\u00e9s. Ils sont d\u00e9marr\u00e9s aux f\u0153tus de souris et quand vous en prendrez possession ils accepteront des blanchons voir des sauteuses. Durant ces premi\u00e8res semaines je me familiarise avec eux et serai en mesure de vous \u00e9clairer sur leurs particularit\u00e9s.<br \/>\nApr\u00e8s l&rsquo;enregistrement I-FAP et au moins 3 repas cons\u00e9cutifs nous conviendront d&rsquo;un rendez-vous pour la cession.<\/p>\n<\/div><\/section><\/div>\n<div class=\"flex_column av_one_full  flex_column_div av-zero-column-padding first  avia-builder-el-6  el_after_av_one_full  avia-builder-el-last  column-top-margin\" style='border-radius:0px; '><section class=\"av_textblock_section \"  itemscope=\"itemscope\" itemtype=\"https:\/\/schema.org\/CreativeWork\" ><div class='avia_textblock  '   itemprop=\"text\" ><p style=\"text-align: center;\"><div  class='avia-button-wrap avia-button-center  avia-builder-el-8  avia-builder-el-no-sibling ' ><a href='https:\/\/aspidites-melanocephalus.com\/index.php\/contact\/'  class='avia-button   avia-icon_select-yes-left-icon avia-color-theme-color avia-size-small avia-position-center '  target=\"_blank\"   ><span class='avia_button_icon avia_button_icon_left ' aria-hidden='true' data-av_icon='\ue854' data-av_iconfont='entypo-fontello'><\/span><span class='avia_iconbox_title' >Contact<\/span><\/a><\/div><\/p>\n<\/div><\/section><\/div>\n","protected":false},"excerpt":{"rendered":"","protected":false},"author":1,"featured_media":0,"parent":0,"menu_order":0,"comment_status":"closed","ping_status":"closed","template":"","meta":[],"_links":{"self":[{"href":"https:\/\/aspidites-melanocephalus.com\/index.php\/wp-json\/wp\/v2\/pages\/87"}],"collection":[{"href":"https:\/\/aspidites-melanocephalus.com\/index.php\/wp-json\/wp\/v2\/pages"}],"about":[{"href":"https:\/\/aspidites-melanocephalus.com\/index.php\/wp-json\/wp\/v2\/types\/page"}],"author":[{"embeddable":true,"href":"https:\/\/aspidites-melanocephalus.com\/index.php\/wp-json\/wp\/v2\/users\/1"}],"replies":[{"embeddable":true,"href":"https:\/\/aspidites-melanocephalus.com\/index.php\/wp-json\/wp\/v2\/comments?post=87"}],"version-history":[{"count":19,"href":"https:\/\/aspidites-melanocephalus.com\/index.php\/wp-json\/wp\/v2\/pages\/87\/revisions"}],"predecessor-version":[{"id":264,"href":"https:\/\/aspidites-melanocephalus.com\/index.php\/wp-json\/wp\/v2\/pages\/87\/revisions\/264"}],"wp:attachment":[{"href":"https:\/\/aspidites-melanocephalus.com\/index.php\/wp-json\/wp\/v2\/media?parent=87"}],"curies":[{"name":"wp","href":"https:\/\/api.w.org\/{rel}","templated":true}]}}